{"id":22800,"date":"2025-02-03T10:04:55","date_gmt":"2025-02-03T10:04:55","guid":{"rendered":"https:\/\/fueltenerife.com\/product\/aceite-penetrante-wd40-5l\/"},"modified":"2025-02-03T10:04:55","modified_gmt":"2025-02-03T10:04:55","slug":"aceite-penetrante-wd40-5l","status":"publish","type":"product","link":"https:\/\/fueltenerife.com\/es\/producto\/aceite-penetrante-wd40-5l\/","title":{"rendered":"ACEITE PENETRANTE WD40-5L"},"content":{"rendered":"<div class=\"o-product-detail-informations__description\">\n<p>Envase de uso industrial con un aplicador en spray para facilitar su uso. Puede aplicarse por inmersi\u00f3n, pulverizaci\u00f3n o cepillado. Ideal para liberar cerraduras y mecanismos oxidados o congelados. Lubrica y limpia herramientas y armas de fuego. Elimina cera, alquitr\u00e1n, grasa y adhesivos. Previene cortocircuitos y limpia cuadros el\u00e9ctricos (diel\u00e9ctrico).     <\/p>\n<\/div>\n","protected":false},"excerpt":{"rendered":"<h3><strong>Protecci\u00f3n y lubricaci\u00f3n<\/strong><\/h3>\n<ul>\n<li>Evita la oxidaci\u00f3n de equipos y herramientas<\/li>\n<li>Protege los contactos el\u00e9ctricos<\/li>\n<li>Protege contra el \u00f3xido y los da\u00f1os causados por la sal<\/li>\n<li>Lubrica cadenas, poleas y engranajes<\/li>\n<li>Mantiene y protege las herramientas el\u00e9ctricas<\/li>\n<\/ul>\n<h3><strong>Multiusos<\/strong><\/h3>\n<ul>\n<li>Penetra en los componentes para aflojar las piezas atascadas<\/li>\n<li>Lubrica y reduce el desgaste de los mecanismos<\/li>\n<li>Repele la humedad (diel\u00e9ctrico)<\/li>\n<li>Elimina la grasa y la suciedad<\/li>\n<li>Protege contra el \u00f3xido, la humedad y el desgaste<\/li>\n<\/ul>\n","protected":false},"featured_media":22633,"comment_status":"open","ping_status":"closed","template":"","meta":{"_joinchat":[]},"product_brand":[],"product_cat":[99],"product_tag":[],"class_list":{"0":"post-22800","1":"product","2":"type-product","3":"status-publish","4":"has-post-thumbnail","6":"product_cat-lubricante","8":"first","9":"instock","10":"shipping-taxable","11":"purchasable","12":"product-type-simple"},"_links":{"self":[{"href":"https:\/\/fueltenerife.com\/es\/wp-json\/wp\/v2\/product\/22800","targetHints":{"allow":["GET"]}}],"collection":[{"href":"https:\/\/fueltenerife.com\/es\/wp-json\/wp\/v2\/product"}],"about":[{"href":"https:\/\/fueltenerife.com\/es\/wp-json\/wp\/v2\/types\/product"}],"replies":[{"embeddable":true,"href":"https:\/\/fueltenerife.com\/es\/wp-json\/wp\/v2\/comments?post=22800"}],"version-history":[{"count":0,"href":"https:\/\/fueltenerife.com\/es\/wp-json\/wp\/v2\/product\/22800\/revisions"}],"wp:featuredmedia":[{"embeddable":true,"href":"https:\/\/fueltenerife.com\/es\/wp-json\/wp\/v2\/media\/22633"}],"wp:attachment":[{"href":"https:\/\/fueltenerife.com\/es\/wp-json\/wp\/v2\/media?parent=22800"}],"wp:term":[{"taxonomy":"product_brand","embeddable":true,"href":"https:\/\/fueltenerife.com\/es\/wp-json\/wp\/v2\/product_brand?post=22800"},{"taxonomy":"product_cat","embeddable":true,"href":"https:\/\/fueltenerife.com\/es\/wp-json\/wp\/v2\/product_cat?post=22800"},{"taxonomy":"product_tag","embeddable":true,"href":"https:\/\/fueltenerife.com\/es\/wp-json\/wp\/v2\/product_tag?post=22800"}],"curies":[{"name":"wp","href":"https:\/\/api.w.org\/{rel}","templated":true}]}}