{"id":22698,"date":"2025-02-03T10:07:48","date_gmt":"2025-02-03T10:07:48","guid":{"rendered":"https:\/\/fueltenerife.com\/product\/desengrasante-profesional-5l\/"},"modified":"2025-02-03T10:07:48","modified_gmt":"2025-02-03T10:07:48","slug":"desengrasante-profesional-5l","status":"publish","type":"product","link":"https:\/\/fueltenerife.com\/es\/producto\/desengrasante-profesional-5l\/","title":{"rendered":"DESENGRASANTE PROFESIONAL 5L"},"content":{"rendered":"<p>El Milagrito es un producto multiusos considerado uno de los mejores desengrasantes del mercado. Tambi\u00e9n se utiliza como quitamanchas y limpiador general. Su potente acci\u00f3n desengrasante es eficaz en una amplia gama de superficies y tejidos. Su fragancia deja una sensaci\u00f3n duradera de frescor y limpieza. Con su excepcional poder desengrasante, ofrece la mejor relaci\u00f3n calidad\/precio del mercado.    <\/p>\n","protected":false},"excerpt":{"rendered":"<p>El Milagrito es un producto multiusos considerado uno de los mejores desengrasantes del mercado. Tambi\u00e9n se utiliza como quitamanchas y<\/p>\n","protected":false},"featured_media":22636,"comment_status":"open","ping_status":"closed","template":"","meta":{"_joinchat":[]},"product_brand":[],"product_cat":[93],"product_tag":[],"class_list":{"0":"post-22698","1":"product","2":"type-product","3":"status-publish","4":"has-post-thumbnail","6":"product_cat-sin-categoria","8":"first","9":"instock","10":"shipping-taxable","11":"purchasable","12":"product-type-simple"},"_links":{"self":[{"href":"https:\/\/fueltenerife.com\/es\/wp-json\/wp\/v2\/product\/22698","targetHints":{"allow":["GET"]}}],"collection":[{"href":"https:\/\/fueltenerife.com\/es\/wp-json\/wp\/v2\/product"}],"about":[{"href":"https:\/\/fueltenerife.com\/es\/wp-json\/wp\/v2\/types\/product"}],"replies":[{"embeddable":true,"href":"https:\/\/fueltenerife.com\/es\/wp-json\/wp\/v2\/comments?post=22698"}],"version-history":[{"count":0,"href":"https:\/\/fueltenerife.com\/es\/wp-json\/wp\/v2\/product\/22698\/revisions"}],"wp:featuredmedia":[{"embeddable":true,"href":"https:\/\/fueltenerife.com\/es\/wp-json\/wp\/v2\/media\/22636"}],"wp:attachment":[{"href":"https:\/\/fueltenerife.com\/es\/wp-json\/wp\/v2\/media?parent=22698"}],"wp:term":[{"taxonomy":"product_brand","embeddable":true,"href":"https:\/\/fueltenerife.com\/es\/wp-json\/wp\/v2\/product_brand?post=22698"},{"taxonomy":"product_cat","embeddable":true,"href":"https:\/\/fueltenerife.com\/es\/wp-json\/wp\/v2\/product_cat?post=22698"},{"taxonomy":"product_tag","embeddable":true,"href":"https:\/\/fueltenerife.com\/es\/wp-json\/wp\/v2\/product_tag?post=22698"}],"curies":[{"name":"wp","href":"https:\/\/api.w.org\/{rel}","templated":true}]}}