{"id":22786,"date":"2025-01-08T18:24:59","date_gmt":"2025-01-08T18:24:59","guid":{"rendered":"https:\/\/fueltenerife.com\/politica-de-privacidad\/"},"modified":"2025-03-27T10:41:40","modified_gmt":"2025-03-27T10:41:40","slug":"politica-de-privacidad","status":"publish","type":"page","link":"https:\/\/fueltenerife.com\/es\/politica-de-privacidad\/","title":{"rendered":"Pol\u00edtica de privacidad"},"content":{"rendered":"\t\t<div data-elementor-type=\"wp-page\" data-elementor-id=\"22786\" class=\"elementor elementor-22786 elementor-3\" data-elementor-post-type=\"page\">\n\t\t\t\t<div class=\"wd-negative-gap elementor-element elementor-element-774c5c81 e-flex e-con-boxed e-con e-parent\" data-id=\"774c5c81\" data-element_type=\"container\" data-e-type=\"container\">\n\t\t\t\t\t<div class=\"e-con-inner\">\n\t\t\t\t<div class=\"elementor-element elementor-element-57093f51 color-scheme-inherit text-left elementor-widget elementor-widget-text-editor\" data-id=\"57093f51\" data-element_type=\"widget\" data-e-type=\"widget\" data-widget_type=\"text-editor.default\">\n\t\t\t\t<div class=\"elementor-widget-container\">\n\t\t\t\t\t\t\t\t\t\n<p><b>POL\u00cdTICA DE PRIVACIDAD DEL SITIO WEB<\/b><b><br><\/b><a href=\"https:\/\/fueltenerife.com\"><span style=\"font-weight: 400;\">www.fueltenerife.com<\/span><\/a><\/p>\n<p><b>POL\u00cdTICA DE PRIVACIDAD Y PROTECCI\u00d3N DE DATOS<\/b><\/p>\n<p><span style=\"font-weight: 400;\">En cumplimiento de la legislaci\u00f3n vigente, Fuel Tenerife (en adelante tambi\u00e9n el Sitio Web) se compromete a adoptar las medidas t\u00e9cnicas y organizativas necesarias, seg\u00fan el nivel de seguridad adecuado al riesgo de los datos recogidos.<\/span><\/p>\n<p><b>Leyes incorporadas a esta pol\u00edtica de privacidad<\/b><b><br><\/b><span style=\"font-weight: 400;\">Esta pol\u00edtica de privacidad est\u00e1 adaptada a la legislaci\u00f3n vigente espa\u00f1ola y europea sobre protecci\u00f3n de datos de car\u00e1cter personal en Internet. En concreto, cumple con la siguiente normativa: <\/span><\/p>\n<ul>\n<li style=\"font-weight: 400;\" aria-level=\"1\"><span style=\"font-weight: 400;\">Reglamento (UE) 2016\/679 del Parlamento Europeo y del Consejo, de 27 de abril de 2016, relativo a la protecci\u00f3n de las personas f\u00edsicas en lo que respecta al tratamiento de datos personales y a la libre circulaci\u00f3n de estos datos (RGPD).<\/span><\/li>\n<li style=\"font-weight: 400;\" aria-level=\"1\"><span style=\"font-weight: 400;\">Ley Org\u00e1nica 3\/2018, de 5 de diciembre, de Protecci\u00f3n de Datos Personales y Garant\u00eda de los Derechos Digitales (LOPD-GDD).<\/span><\/li>\n<li style=\"font-weight: 400;\" aria-level=\"1\"><span style=\"font-weight: 400;\">Real Decreto 1720\/2007, de 21 de diciembre, por el que se aprueba el Reglamento de desarrollo de la Ley Org\u00e1nica 15\/1999, de 13 de diciembre, de Protecci\u00f3n de Datos de Car\u00e1cter Personal (RDLOPD).<\/span><\/li>\n<li style=\"font-weight: 400;\" aria-level=\"1\"><span style=\"font-weight: 400;\">Ley 34\/2002, de 11 de julio, de Servicios de la Sociedad de la Informaci\u00f3n y Comercio Electr\u00f3nico (LSSI-CE).<\/span><\/li>\n<\/ul>\n<p><b>Identidad del responsable del tratamiento<\/b><b><br><\/b><span style=\"font-weight: 400;\">El responsable del tratamiento de los datos personales recogidos en Fuel Tenerife es: Jos\u00e9 Eduardo de Armas Tracy, con NIF: 43386980X (en adelante, Responsable del Tratamiento). Sus datos de contacto son los siguientes: <\/span><\/p>\n<ul>\n<li style=\"font-weight: 400;\" aria-level=\"1\"><span style=\"font-weight: 400;\">Direcci\u00f3n: Calle Finlandia, 17 La Orotava (38300), Santa Cruz de Tenerife, Espa\u00f1a<\/span><\/li>\n<li style=\"font-weight: 400;\" aria-level=\"1\"><span style=\"font-weight: 400;\">Tel\u00e9fono de contacto: +34 610 64 25 17<\/span><\/li>\n<li style=\"font-weight: 400;\" aria-level=\"1\"><span style=\"font-weight: 400;\">Fax:<\/span><\/li>\n<li style=\"font-weight: 400;\" aria-level=\"1\"><span style=\"font-weight: 400;\">Correo electr\u00f3nico de contacto: macaronesiayachtservice@gmail.com<\/span><\/li>\n<\/ul>\n<p><b>Registro de datos personales<\/b><b><br><\/b><span style=\"font-weight: 400;\">En cumplimiento de lo establecido en el GDPR y en la LOPD-GDD, le informamos que los datos personales recabados por Fuel Tenerife, a trav\u00e9s de los formularios existentes en sus p\u00e1ginas, ser\u00e1n incorporados y tratados en nuestro fichero con la finalidad de poder facilitar, agilizar y cumplir los compromisos establecidos entre Fuel Tenerife y el Usuario, o el mantenimiento de la relaci\u00f3n que se establezca en los formularios que el Usuario rellene, o para atender cualquier solicitud o consulta del Usuario. Asimismo, de conformidad con lo dispuesto en el RGPD y en la LOPD-GDD, salvo que resulte de aplicaci\u00f3n la excepci\u00f3n prevista en el art\u00edculo 30.5 del RGPD, se mantiene un registro de las actividades de tratamiento, en el que se especifican, en funci\u00f3n de sus finalidades, las actividades de tratamiento llevadas a cabo y las dem\u00e1s circunstancias establecidas en el RGPD. <\/span><\/p>\n<p><b>Principios aplicables al tratamiento de datos personales<\/b><b><br><\/b><span style=\"font-weight: 400;\">El tratamiento de los datos personales del Usuario estar\u00e1 sujeto a los siguientes principios recogidos en el art\u00edculo 5 del GDPR y en el art\u00edculo 4 y siguientes de la Ley Org\u00e1nica 3\/2018, de 5 de diciembre, de Protecci\u00f3n de Datos Personales y Garant\u00eda de los Derechos Digitales:<\/span><\/p>\n<ul>\n<li style=\"font-weight: 400;\" aria-level=\"1\"><span style=\"font-weight: 400;\">Principio de licitud, imparcialidad y transparencia: Siempre se requerir\u00e1 el consentimiento del Usuario, junto con informaci\u00f3n totalmente transparente sobre los fines para los que se recopilan los datos personales.<\/span><\/li>\n<li style=\"font-weight: 400;\" aria-level=\"1\"><span style=\"font-weight: 400;\">Principio de limitaci\u00f3n de finalidad: Los datos personales se recoger\u00e1n con fines espec\u00edficos, leg\u00edtimos y expl\u00edcitos.<\/span><\/li>\n<li style=\"font-weight: 400;\" aria-level=\"1\"><span style=\"font-weight: 400;\">Principio de minimizaci\u00f3n de datos: S\u00f3lo se recoger\u00e1n los datos estrictamente necesarios para los fines del tratamiento.<\/span><\/li>\n<li style=\"font-weight: 400;\" aria-level=\"1\"><span style=\"font-weight: 400;\">Principio de exactitud: Los datos personales deben ser exactos y mantenerse actualizados.<\/span><\/li>\n<li style=\"font-weight: 400;\" aria-level=\"1\"><span style=\"font-weight: 400;\">Principio de limitaci\u00f3n del almacenamiento: Los datos personales s\u00f3lo se conservar\u00e1n en una forma que permita la identificaci\u00f3n del Usuario durante el tiempo necesario para los fines del tratamiento.<\/span><\/li>\n<li style=\"font-weight: 400;\" aria-level=\"1\"><span style=\"font-weight: 400;\">Principio de integridad y confidencialidad: Los datos personales se tratar\u00e1n de forma que se garantice su seguridad y confidencialidad.<\/span><\/li>\n<li style=\"font-weight: 400;\" aria-level=\"1\"><span style=\"font-weight: 400;\">Principio de responsabilidad: El Responsable del Tratamiento ser\u00e1 responsable de garantizar el cumplimiento de los principios anteriores.<\/span><\/li>\n<\/ul>\n<p><b>Categor\u00edas de datos personales<\/b><b><br><\/b><span style=\"font-weight: 400;\">Las categor\u00edas de datos tratadas por Fuel Tenerife son \u00fanicamente datos identificativos. En ning\u00fan caso se tratar\u00e1n categor\u00edas especiales de datos personales, tal y como se definen en el art\u00edculo 9 del GDPR. <\/span><span style=\"font-weight: 400;\"><br><\/span><span style=\"font-weight: 400;\">Las categor\u00edas especiales de datos personales son las que revelan el origen racial o \u00e9tnico, las opiniones pol\u00edticas, las convicciones religiosas o filos\u00f3ficas, o la afiliaci\u00f3n sindical, as\u00ed como el tratamiento de datos gen\u00e9ticos, datos biom\u00e9tricos destinados a identificar de manera un\u00edvoca a una persona f\u00edsica, o datos relativos a la salud, la vida sexual o la orientaci\u00f3n sexual.<\/span><\/p>\n<p><b>Principios aplicables al tratamiento de datos personales<\/b><\/p>\n<p><span style=\"font-weight: 400;\">El tratamiento de los datos personales del Usuario estar\u00e1 sujeto a los siguientes principios recogidos en el art\u00edculo 5 del GDPR y en el art\u00edculo 4 y siguientes de la Ley Org\u00e1nica 3\/2018, de 5 de diciembre, de Protecci\u00f3n de Datos Personales y Garant\u00eda de los Derechos Digitales:<\/span><\/p>\n<ul>\n<li style=\"font-weight: 400;\" aria-level=\"1\"><span style=\"font-weight: 400;\">Principio de licitud, lealtad y transparencia: Se requerir\u00e1 en todo momento el consentimiento del Usuario, con total transparencia respecto a los fines para los que se recogen los datos personales.<\/span><\/li>\n<li style=\"font-weight: 400;\" aria-level=\"1\"><span style=\"font-weight: 400;\">Principio de limitaci\u00f3n de finalidad: Los datos personales se recoger\u00e1n con fines espec\u00edficos, expl\u00edcitos y leg\u00edtimos.<\/span><\/li>\n<li style=\"font-weight: 400;\" aria-level=\"1\"><span style=\"font-weight: 400;\">Principio de minimizaci\u00f3n de datos: S\u00f3lo se recoger\u00e1n los datos personales estrictamente necesarios para los fines para los que se tratan.<\/span><\/li>\n<li style=\"font-weight: 400;\" aria-level=\"1\"><span style=\"font-weight: 400;\">Principio de exactitud: Los datos personales deben ser exactos y mantenerse actualizados.<\/span><\/li>\n<li style=\"font-weight: 400;\" aria-level=\"1\"><span style=\"font-weight: 400;\">Principio de limitaci\u00f3n del almacenamiento: Los datos personales s\u00f3lo se conservar\u00e1n en una forma que permita la identificaci\u00f3n del Usuario durante el per\u00edodo necesario para los fines de su tratamiento.<\/span><\/li>\n<li style=\"font-weight: 400;\" aria-level=\"1\"><span style=\"font-weight: 400;\">Principio de integridad y confidencialidad: Los datos personales se tratar\u00e1n de forma que se garantice su seguridad y confidencialidad.<\/span><\/li>\n<li style=\"font-weight: 400;\" aria-level=\"1\"><span style=\"font-weight: 400;\">Principio de responsabilidad proactiva: El Responsable del Tratamiento ser\u00e1 responsable de garantizar el cumplimiento de los principios anteriores.<\/span><\/li>\n<\/ul>\n<p><strong>Categor\u00edas de datos personales<\/strong><\/p>\n<p><span style=\"font-weight: 400;\">Las categor\u00edas de datos tratadas en Fuel Tenerife son \u00fanicamente datos de identificaci\u00f3n. En ning\u00fan caso se tratan categor\u00edas especiales de datos personales, tal y como se definen en el art\u00edculo 9 del GDPR. <\/span><\/p>\n<p><span style=\"font-weight: 400;\">Las categor\u00edas de datos procesados en Fuel Tenerife incluyen tanto datos de identificaci\u00f3n como categor\u00edas especiales de datos personales, tal y como se definen en el art\u00edculo 9 del GDPR.<\/span><\/p>\n<p><span style=\"font-weight: 400;\">Las categor\u00edas especiales de datos personales incluyen los datos que revelan el origen racial o \u00e9tnico, las opiniones pol\u00edticas, las convicciones religiosas o filos\u00f3ficas, o la afiliaci\u00f3n sindical, as\u00ed como el tratamiento de datos gen\u00e9ticos, datos biom\u00e9tricos destinados a identificar un\u00edvocamente a una persona, datos relativos a la salud, o datos relacionados con la vida sexual o la orientaci\u00f3n sexual de una persona.<\/span><\/p>\n<p><span style=\"font-weight: 400;\">Para el tratamiento de categor\u00edas especiales de datos personales, se requerir\u00e1 siempre el consentimiento expl\u00edcito del Usuario para uno o varios fines espec\u00edficos.<\/span><\/p>\n<p><strong>Base Legal para el Tratamiento de Datos Personales<\/strong><\/p>\n<p><span style=\"font-weight: 400;\">La base legal para el tratamiento de los datos personales es el consentimiento. Fuel Tenerife se compromete a obtener el consentimiento expreso y verificable del Usuario para el tratamiento de sus datos personales para uno o varios fines espec\u00edficos. <\/span><\/p>\n<p><span style=\"font-weight: 400;\">El Usuario tiene derecho a retirar su consentimiento en cualquier momento. Retirar el consentimiento ser\u00e1 tan f\u00e1cil como darlo. Como norma general, la retirada del consentimiento no afectar\u00e1 al uso del Sitio Web.  <\/span><\/p>\n<p><span style=\"font-weight: 400;\">Cuando el Usuario deba o pueda facilitar sus datos a trav\u00e9s de formularios para realizar consultas, solicitar informaci\u00f3n, o por motivos relacionados con el contenido del Sitio Web, se le informar\u00e1 si la cumplimentaci\u00f3n de alguno de ellos es obligatoria, por ser imprescindible para el correcto desarrollo de la operaci\u00f3n que se est\u00e9 llevando a cabo.<\/span><\/p>\n<p><strong>Fines para los que se tratar\u00e1n los datos personales<\/strong><\/p>\n<p><span style=\"font-weight: 400;\">Los datos personales son recabados y gestionados por Fuel Tenerife con la finalidad de poder facilitar, agilizar y cumplir los compromisos establecidos entre el Sitio Web y el Usuario o el mantenimiento de la relaci\u00f3n que se establezca a trav\u00e9s de los formularios que el Usuario rellene o para atender una solicitud o consulta.<\/span><\/p>\n<p><span style=\"font-weight: 400;\">Asimismo, los datos podr\u00e1n ser utilizados con fines comerciales, de personalizaci\u00f3n, operativos, estad\u00edsticos y de actividades relacionadas con el objeto social de Fuel Tenerife, as\u00ed como para la extracci\u00f3n de datos, almacenamiento y estudios de marketing para adecuar el contenido ofrecido al Usuario y mejorar la calidad, funcionalidad y navegaci\u00f3n del Sitio Web.<\/span><\/p>\n<p><span style=\"font-weight: 400;\">En el momento en que se recojan los datos personales, se informar\u00e1 al Usuario sobre la finalidad o finalidades espec\u00edficas para las que se tratar\u00e1n los datos personales; es decir, el uso o usos que se har\u00e1n de la informaci\u00f3n recogida.<\/span><\/p>\n<p><strong>Per\u00edodo de conservaci\u00f3n de los datos personales<\/strong><\/p>\n<p><span style=\"font-weight: 400;\">Los datos personales s\u00f3lo se conservar\u00e1n durante el tiempo m\u00ednimo necesario para los fines de su tratamiento y, en todo caso, s\u00f3lo durante el siguiente plazo 18 meses, o hasta que el Usuario solicite su supresi\u00f3n.<\/span><\/p>\n<p><span style=\"font-weight: 400;\">En el momento de la recogida de los datos personales, se informar\u00e1 al Usuario del plazo durante el cual se conservar\u00e1n sus datos personales o, cuando ello no sea posible, de los criterios utilizados para determinar dicho plazo.<\/span><\/p>\n<p><strong>Destinatarios de los datos personales<\/strong><\/p>\n<p><span style=\"font-weight: 400;\">Los datos personales del Usuario no se compartir\u00e1n con terceros.<\/span><\/p>\n<p><span style=\"font-weight: 400;\">En cualquier caso, cuando se recojan datos de car\u00e1cter personal, se informar\u00e1 al Usuario sobre los destinatarios o categor\u00edas de destinatarios de los datos de car\u00e1cter personal.<\/span><\/p>\n<p><span style=\"font-weight: 400;\">Los datos personales del Usuario se compartir\u00e1n con los siguientes destinatarios o categor\u00edas de destinatarios:<\/span><\/p>\n<p><span style=\"font-weight: 400;\">Si el Responsable del Tratamiento pretende transferir datos personales a un tercer pa\u00eds u organizaci\u00f3n internacional, se informar\u00e1 al Usuario sobre el tercer pa\u00eds u organizaci\u00f3n internacional al que se pretende transferir los datos, as\u00ed como de la existencia o ausencia de una decisi\u00f3n de adecuaci\u00f3n por parte de la Comisi\u00f3n.<\/span><\/p>\n<p><strong>Datos personales de menores<\/strong><\/p>\n<p><span style=\"font-weight: 400;\">De conformidad con los art\u00edculos 8 del GDPR y 7 de la Ley Org\u00e1nica 3\/2018, de 5 de diciembre, de Protecci\u00f3n de Datos Personales y Garant\u00eda de los Derechos Digitales, s\u00f3lo los mayores de 14 a\u00f1os podr\u00e1n prestar su consentimiento para el tratamiento de sus datos personales de forma l\u00edcita por Fuel Tenerife. Si el interesado es menor de 14 a\u00f1os, se requerir\u00e1 el consentimiento paterno o del tutor para el tratamiento, y \u00e9ste s\u00f3lo se considerar\u00e1 l\u00edcito en la medida en que lo haya autorizado. <\/span><\/p>\n<p><strong>Confidencialidad y seguridad de los datos personales<\/strong><\/p>\n<p><span style=\"font-weight: 400;\">Fuel Tenerife se compromete a adoptar las medidas t\u00e9cnicas y organizativas necesarias, seg\u00fan el nivel de seguridad adecuado al riesgo de los datos recogidos, para garantizar la seguridad de los datos de car\u00e1cter personal y evitar la destrucci\u00f3n, p\u00e9rdida o alteraci\u00f3n accidental o il\u00edcita de datos personales transmitidos, conservados o tratados de otra forma, o la comunicaci\u00f3n o acceso no autorizados a dichos datos.<\/span><\/p>\n<p><span style=\"font-weight: 400;\">El Sitio Web dispone de un certificado SSL (Secure Socket Layer), que garantiza que los datos personales se transmiten de forma segura y confidencial, ya que la transmisi\u00f3n de datos entre el servidor y el Usuario, y en retroalimentaci\u00f3n, est\u00e1 totalmente encriptada.<\/span><\/p>\n<p><span style=\"font-weight: 400;\">No obstante, dado que Fuel Tenerife no puede garantizar la invulnerabilidad de Internet ni la ausencia total de hackers u otros que accedan de modo fraudulento a los datos personales, el Responsable del Tratamiento se compromete a notificar al Usuario sin dilaci\u00f3n indebida cuando se produzca una violaci\u00f3n de la seguridad de los datos personales que sea probable que entra\u00f1e un alto riesgo para los derechos y libertades de las personas f\u00edsicas. Seg\u00fan el art\u00edculo 4 del RGPD, una violaci\u00f3n de la seguridad de los datos personales es cualquier violaci\u00f3n de la seguridad que provoque la destrucci\u00f3n, p\u00e9rdida o alteraci\u00f3n accidental o il\u00edcita de datos personales transmitidos, conservados o tratados de otra forma, o la comunicaci\u00f3n o acceso no autorizados a dichos datos. <\/span><\/p>\n<p><span style=\"font-weight: 400;\">Los datos personales ser\u00e1n tratados de forma confidencial por el Responsable del Tratamiento, que se compromete a informar y garantizar mediante una obligaci\u00f3n legal o contractual que dicha confidencialidad sea respetada por sus empleados, asociados y cualquier persona a la que se haga accesible la informaci\u00f3n.<\/span><\/p>\n<p><strong>Derechos derivados del tratamiento de datos personales<\/strong><\/p>\n<p><span style=\"font-weight: 400;\">El Usuario tiene los siguientes derechos en relaci\u00f3n con sus datos personales y podr\u00e1, por tanto, ejercitarlos frente al Responsable del Tratamiento, tal y como reconoce el GDPR y la Ley Org\u00e1nica 3\/2018, de 5 de diciembre, de Protecci\u00f3n de Datos Personales y Garant\u00eda de los Derechos Digitales:<\/span><\/p>\n<ul>\n<li style=\"font-weight: 400;\" aria-level=\"1\"><span style=\"font-weight: 400;\">Derecho de acceso: El Usuario tiene derecho a obtener confirmaci\u00f3n sobre si Fuel Tenerife est\u00e1 tratando o no sus datos personales y, en tal caso, a obtener informaci\u00f3n sobre sus datos concretos de car\u00e1cter personal y del tratamiento que Fuel Tenerife haya realizado o realice, as\u00ed como, entre otra informaci\u00f3n, de la procedencia de dichos datos y de los destinatarios de las comunicaciones realizadas o previstas.<\/span><\/li>\n<li style=\"font-weight: 400;\" aria-level=\"1\"><span style=\"font-weight: 400;\">Derecho de rectificaci\u00f3n: El Usuario tiene derecho a que se rectifiquen sus datos personales si son inexactos o, teniendo en cuenta los fines del tratamiento, incompletos.<\/span><\/li>\n<li style=\"font-weight: 400;\" aria-level=\"1\"><span style=\"font-weight: 400;\">Derecho de supresi\u00f3n (\u00abderecho al olvido\u00bb): El Usuario tiene derecho, salvo que la ley disponga lo contrario, a obtener la supresi\u00f3n de sus datos personales cuando ya no sean necesarios para los fines para los que fueron recogidos o tratados; el Usuario haya retirado su consentimiento y no exista otro fundamento jur\u00eddico para el tratamiento; el Usuario se oponga al tratamiento y no exista otro motivo leg\u00edtimo para continuar; los datos personales hayan sido tratados il\u00edcitamente; los datos personales deban ser suprimidos para cumplir una obligaci\u00f3n legal; o los datos personales se hayan obtenido de una oferta de servicios directos a un menor de 14 a\u00f1os. Adem\u00e1s de borrar los datos, el Responsable del Tratamiento, teniendo en cuenta la tecnolog\u00eda disponible y el coste de su aplicaci\u00f3n, debe tomar medidas razonables para informar a los responsables del tratamiento de los datos personales sobre la solicitud del interesado de que se borre cualquier enlace a dichos datos personales. <\/span><\/li>\n<li style=\"font-weight: 400;\" aria-level=\"1\"><span style=\"font-weight: 400;\">Derecho a limitar el tratamiento: El Usuario tiene derecho a limitar el tratamiento de sus datos personales. El Usuario tiene derecho a obtener la limitaci\u00f3n del tratamiento cuando impugne la exactitud de sus datos personales; el tratamiento sea il\u00edcito; el Responsable del Tratamiento ya no necesite los datos personales, pero el Usuario los necesite para el reconocimiento, ejercicio o defensa de reclamaciones legales; y cuando el Usuario se haya opuesto al tratamiento. <\/span><\/li>\n<li style=\"font-weight: 400;\" aria-level=\"1\"><span style=\"font-weight: 400;\">Derecho a la portabilidad de los datos: Si el tratamiento se realiza por medios automatizados, el Usuario tiene derecho a recibir del Responsable del Tratamiento sus datos personales en un formato estructurado, de uso com\u00fan y lectura mec\u00e1nica, y a transmitirlos a otro responsable del tratamiento. Siempre que sea t\u00e9cnicamente factible, el Responsable del Tratamiento transmitir\u00e1 directamente los datos a ese otro responsable. <\/span><\/li>\n<li style=\"font-weight: 400;\" aria-level=\"1\"><span style=\"font-weight: 400;\">Derecho de oposici\u00f3n: El Usuario tiene derecho a oponerse al tratamiento de sus datos personales o a que cese el tratamiento por parte de Fuel Tenerife.<\/span><\/li>\n<li style=\"font-weight: 400;\" aria-level=\"1\"><span style=\"font-weight: 400;\">Derecho a no ser objeto de decisiones basadas \u00fanicamente en el tratamiento automatizado, incluida la elaboraci\u00f3n de perfiles: El Usuario tiene derecho a no ser objeto de una decisi\u00f3n basada \u00fanicamente en el tratamiento automatizado de sus datos personales, incluida la elaboraci\u00f3n de perfiles, salvo que la ley disponga lo contrario.<\/span><\/li>\n<\/ul>\n<p><span style=\"font-weight: 400;\">As\u00ed, el Usuario podr\u00e1 ejercitar sus derechos mediante comunicaci\u00f3n escrita dirigida al Responsable del Tratamiento con la referencia \u00abGDPR-<\/span><a href=\"https:\/\/fueltenerife.com\"><span style=\"font-weight: 400;\">www.fueltenerife.com<\/span><\/a><span style=\"font-weight: 400;\">\u00abespecificando:<\/span><\/p>\n<ul>\n<li style=\"font-weight: 400;\" aria-level=\"1\"><span style=\"font-weight: 400;\">El nombre, apellidos y copia del DNI del Usuario. En los casos en que se admita la representaci\u00f3n, se requerir\u00e1 adem\u00e1s la identificaci\u00f3n de la persona que represente al Usuario, junto con el documento acreditativo de la representaci\u00f3n. La fotocopia del DNI podr\u00e1 ser sustituida por cualquier otro medio v\u00e1lido en derecho para acreditar la identidad.  <\/span><\/li>\n<li style=\"font-weight: 400;\" aria-level=\"1\"><span style=\"font-weight: 400;\">Una solicitud con los motivos espec\u00edficos de la solicitud o la informaci\u00f3n a la que el Usuario desea acceder.<\/span><\/li>\n<li style=\"font-weight: 400;\" aria-level=\"1\"><span style=\"font-weight: 400;\">Direcci\u00f3n para notificaciones.<\/span><\/li>\n<li style=\"font-weight: 400;\" aria-level=\"1\"><span style=\"font-weight: 400;\">Fecha y firma del solicitante.<\/span><\/li>\n<li style=\"font-weight: 400;\" aria-level=\"1\"><span style=\"font-weight: 400;\">Cualquier documento que apoye la solicitud.<\/span><\/li>\n<\/ul>\n<p><span style=\"font-weight: 400;\">Esta solicitud y cualquier otro documento adjunto pueden enviarse a la siguiente direcci\u00f3n y\/o correo electr\u00f3nico:<\/span><\/p>\n<ul>\n<li style=\"font-weight: 400;\" aria-level=\"1\"><span style=\"font-weight: 400;\">Direcci\u00f3n postal: Calle Finlandia, 17, 38627, San Isidro, Tenerife.<\/span><\/li>\n<li style=\"font-weight: 400;\" aria-level=\"1\"><span style=\"font-weight: 400;\">Correo electr\u00f3nico: info@fueltenerife.com.<\/span><\/li>\n<\/ul>\n<p><span style=\"font-weight: 400;\">Si el Usuario considera que se han vulnerado sus derechos en relaci\u00f3n con la protecci\u00f3n de sus datos personales, puede presentar una reclamaci\u00f3n ante la Agencia Espa\u00f1ola de Protecci\u00f3n de Datos (AEPD), a trav\u00e9s de la p\u00e1gina web oficial:<\/span><a href=\"https:\/\/www.aepd.es\"> <span style=\"font-weight: 400;\">https:\/\/www.aepd.es<\/span><\/a><span style=\"font-weight: 400;\">.<\/span><\/p>\n<p><br><br><br><\/p>\t\t\t\t\t\t\t\t<\/div>\n\t\t\t\t<\/div>\n\t\t\t\t\t<\/div>\n\t\t\t\t<\/div>\n\t\t\t\t<\/div>\n\t\t","protected":false},"excerpt":{"rendered":"<p>POL\u00cdTICA DE PRIVACIDAD DEL SITIO WEBwww.fueltenerife.com POL\u00cdTICA DE PRIVACIDAD Y PROTECCI\u00d3N DE DATOS En cumplimiento de la legislaci\u00f3n vigente, Fuel<\/p>\n","protected":false},"author":1,"featured_media":0,"parent":0,"menu_order":0,"comment_status":"closed","ping_status":"open","template":"elementor_header_footer","meta":{"_joinchat":[],"footnotes":""},"class_list":["post-22786","page","type-page","status-publish","hentry"],"_links":{"self":[{"href":"https:\/\/fueltenerife.com\/es\/wp-json\/wp\/v2\/pages\/22786","targetHints":{"allow":["GET"]}}],"collection":[{"href":"https:\/\/fueltenerife.com\/es\/wp-json\/wp\/v2\/pages"}],"about":[{"href":"https:\/\/fueltenerife.com\/es\/wp-json\/wp\/v2\/types\/page"}],"author":[{"embeddable":true,"href":"https:\/\/fueltenerife.com\/es\/wp-json\/wp\/v2\/users\/1"}],"replies":[{"embeddable":true,"href":"https:\/\/fueltenerife.com\/es\/wp-json\/wp\/v2\/comments?post=22786"}],"version-history":[{"count":1,"href":"https:\/\/fueltenerife.com\/es\/wp-json\/wp\/v2\/pages\/22786\/revisions"}],"predecessor-version":[{"id":22788,"href":"https:\/\/fueltenerife.com\/es\/wp-json\/wp\/v2\/pages\/22786\/revisions\/22788"}],"wp:attachment":[{"href":"https:\/\/fueltenerife.com\/es\/wp-json\/wp\/v2\/media?parent=22786"}],"curies":[{"name":"wp","href":"https:\/\/api.w.org\/{rel}","templated":true}]}}