{"id":22744,"date":"2021-10-12T15:51:09","date_gmt":"2021-10-12T15:51:09","guid":{"rendered":"https:\/\/fueltenerife.com\/sobre-nosotros\/"},"modified":"2025-04-10T09:25:28","modified_gmt":"2025-04-10T09:25:28","slug":"sobre-nosotros","status":"publish","type":"page","link":"https:\/\/fueltenerife.com\/es\/sobre-nosotros\/","title":{"rendered":"Sobre nosotros"},"content":{"rendered":"\t\t<div data-elementor-type=\"wp-page\" data-elementor-id=\"22744\" class=\"elementor elementor-22744 elementor-4400\" data-elementor-post-type=\"page\">\n\t\t\t\t<div class=\"wd-negative-gap elementor-element elementor-element-7c7c544 e-flex e-con-boxed e-con e-parent\" data-id=\"7c7c544\" data-element_type=\"container\" data-e-type=\"container\">\n\t\t\t\t\t<div class=\"e-con-inner\">\n\t\t<div class=\"elementor-element elementor-element-e7cb5cd e-con-full e-flex e-con e-child\" data-id=\"e7cb5cd\" data-element_type=\"container\" data-e-type=\"container\">\n\t\t\t\t<div class=\"elementor-element elementor-element-56aec39 elementor-widget elementor-widget-wd_image_or_svg\" data-id=\"56aec39\" data-element_type=\"widget\" data-e-type=\"widget\" data-widget_type=\"wd_image_or_svg.default\">\n\t\t\t\t<div class=\"elementor-widget-container\">\n\t\t\t\t\t\n\t\t<div class=\"wd-image text-left\">\n\t\t\t\t\t\t\t\t<img fetchpriority=\"high\" decoding=\"async\" width=\"2560\" height=\"1831\" src=\"https:\/\/fueltenerife.com\/wp-content\/uploads\/2025\/01\/semi-truck-road-2-scaled.jpg\" class=\"attachment-full size-full\" alt=\"\" srcset=\"https:\/\/fueltenerife.com\/wp-content\/uploads\/2025\/01\/semi-truck-road-2-scaled.jpg 2560w, https:\/\/fueltenerife.com\/wp-content\/uploads\/2025\/01\/semi-truck-road-2-400x286.jpg 400w, https:\/\/fueltenerife.com\/wp-content\/uploads\/2025\/01\/semi-truck-road-2-1119x800.jpg 1119w, https:\/\/fueltenerife.com\/wp-content\/uploads\/2025\/01\/semi-truck-road-2-768x549.jpg 768w, https:\/\/fueltenerife.com\/wp-content\/uploads\/2025\/01\/semi-truck-road-2-1536x1099.jpg 1536w, https:\/\/fueltenerife.com\/wp-content\/uploads\/2025\/01\/semi-truck-road-2-2048x1465.jpg 2048w, https:\/\/fueltenerife.com\/wp-content\/uploads\/2025\/01\/semi-truck-road-2-430x308.jpg 430w, https:\/\/fueltenerife.com\/wp-content\/uploads\/2025\/01\/semi-truck-road-2-700x501.jpg 700w, https:\/\/fueltenerife.com\/wp-content\/uploads\/2025\/01\/semi-truck-road-2-150x107.jpg 150w\" sizes=\"(max-width: 2560px) 100vw, 2560px\" \/>\t\t\t\t\t<\/div>\n\n\t\t\t\t\t\t<\/div>\n\t\t\t\t<\/div>\n\t\t\t\t<\/div>\n\t\t<div class=\"elementor-element elementor-element-97d6084 e-con-full e-flex e-con e-child\" data-id=\"97d6084\" data-element_type=\"container\" data-e-type=\"container\">\n\t\t\t\t<div class=\"elementor-element elementor-element-98d830b wd-width-100 elementor-widget elementor-widget-wd_title\" data-id=\"98d830b\" data-element_type=\"widget\" data-e-type=\"widget\" data-widget_type=\"wd_title.default\">\n\t\t\t\t<div class=\"elementor-widget-container\">\n\t\t\t\t\t\t\t<div class=\"title-wrapper wd-set-mb reset-last-child wd-title-color-primary wd-title-style-default wd-title-size-large text-left\">\n\n\t\t\t\t\t\t\t\t\t\t\t<div class=\"title-subtitle subtitle-color-primary subtitle-style-default wd-fontsize-xs\">\n\t\t\t\t\tSOBRE NOSOTROS\t\t\t\t<\/div>\n\t\t\t\n\t\t\t<div class=\"liner-continer\">\n\t\t\t\t<h4 class=\"woodmart-title-container title wd-fontsize-xxl\">YFT, TU EMPRESA LOCAL DE BUNKERING<\/h4> \n\t\t\t\t\t\t\t<\/div>\n\n\t\t\t\t\t<\/div>\n\t\t\t\t\t\t<\/div>\n\t\t\t\t<\/div>\n\t\t\t\t<div class=\"elementor-element elementor-element-66e47ad elementor-widget elementor-widget-wd_text_block\" data-id=\"66e47ad\" data-element_type=\"widget\" data-e-type=\"widget\" data-widget_type=\"wd_text_block.default\">\n\t\t\t\t<div class=\"elementor-widget-container\">\n\t\t\t\t\t\t\t<div class=\"wd-text-block reset-last-child text-left\">\n\t\t\t\n\t\t\t<p><span style=\"font-weight: 400;\">En <\/span><b>Yacht Fuel Tenerife<\/b><span style=\"font-weight: 400;\">Estamos especializados en suministrar combustible de primera calidad a yates durante su escala en Tenerife antes de cruzar el Atl\u00e1ntico. Con sede en   <\/span><b>Santa Cruz de Tenerife<\/b><span style=\"font-weight: 400;\">Con nuestra sede central aqu\u00ed, ofrecemos servicios de combustible de alta calidad adaptados a las necesidades \u00fanicas de cada yate. Nuestro compromiso con la excelencia garantiza que cada yate reciba su gas\u00f3leo   <\/span><b>a tiempo<\/b><span style=\"font-weight: 400;\">entregados con precisi\u00f3n y respaldados por un servicio de atenci\u00f3n al cliente sin parang\u00f3n.<\/span><\/p><p><span style=\"font-weight: 400;\">Ofrecemos una gama de combustibles premium que incluye <\/span><b>AGO (gas\u00f3leo de automoci\u00f3n)<\/b><span style=\"font-weight: 400;\">, <\/span><b>MGO (Gas\u00f3leo Marino)<\/b><span style=\"font-weight: 400;\">y <\/span><b>Jet A1<\/b><span style=\"font-weight: 400;\">  para helic\u00f3pteros de yate. Adem\u00e1s, suministramos una variedad de   <\/span><b>aceites y lubricantes<\/b><span style=\"font-weight: 400;\"> para garantizar que los motores y la maquinaria de tu yate funcionen al m\u00e1ximo rendimiento.<\/span><\/p><p><span style=\"font-weight: 400;\">Una de las principales ventajas de repostar en las <\/span><b>Islas Canarias<\/b><span style=\"font-weight: 400;\"> son nuestros<\/span><b> precios competitivos<\/b><span style=\"font-weight: 400;\">. Gracias a la   <\/span><b>los bajos impuestos sobre el combustible de la regi\u00f3n<\/b><span style=\"font-weight: 400;\">Ofrecemos algunos de los mejores precios de combustible de toda Europa, a menudo m\u00e1s asequibles que en Gibraltar. Esto convierte a Tenerife en el destino ideal para repostar los yates que emprenden largos viajes. <\/span><\/p><p><span style=\"font-weight: 400;\">Para que tu experiencia de repostaje sea lo m\u00e1s fluida posible, ofrecemos una variedad de m\u00e9todos de pago c\u00f3modos y<\/span><b> m\u00e9todos de pago flexibles<\/b><span style=\"font-weight: 400;\">garantizando transacciones fluidas para propietarios de yates, agencias y tripulaciones.<\/span><\/p>\n\t\t\t\t\t<\/div>\n\t\t\t\t\t\t<\/div>\n\t\t\t\t<\/div>\n\t\t\t\t<\/div>\n\t\t\t\t\t<\/div>\n\t\t\t\t<\/div>\n\t\t<div class=\"wd-negative-gap elementor-element elementor-element-0aaf669 wd-section-stretch e-flex e-con-boxed e-con e-parent\" data-id=\"0aaf669\" data-element_type=\"container\" data-e-type=\"container\" data-settings=\"{&quot;background_background&quot;:&quot;classic&quot;}\">\n\t\t\t\t\t<div class=\"e-con-inner\">\n\t\t<div class=\"elementor-element elementor-element-49529c7 color-scheme-light e-con-full e-flex e-con e-child\" data-id=\"49529c7\" data-element_type=\"container\" data-e-type=\"container\">\n\t\t\t\t<div class=\"elementor-element elementor-element-95c7bfa wd-width-100 elementor-widget elementor-widget-wd_title\" data-id=\"95c7bfa\" data-element_type=\"widget\" data-e-type=\"widget\" data-widget_type=\"wd_title.default\">\n\t\t\t\t<div class=\"elementor-widget-container\">\n\t\t\t\t\t\t\t<div class=\"title-wrapper wd-set-mb reset-last-child wd-title-color-primary wd-title-style-default wd-title-size-large text-center\">\n\n\t\t\t\n\t\t\t<div class=\"liner-continer\">\n\t\t\t\t<h4 class=\"woodmart-title-container title wd-fontsize-xxl\">Ponte en contacto con nosotros para hacer tu consulta y obtener descuentos por grandes cantidades.  <br \/>\n<br \/>\nComprueba online los precios del combustible para yates en Gibraltar, \u00a1los superamos!<\/h4> \n\t\t\t\t\t\t\t<\/div>\n\n\t\t\t\t\t<\/div>\n\t\t\t\t\t\t<\/div>\n\t\t\t\t<\/div>\n\t\t<div class=\"elementor-element elementor-element-b5f8750 e-con-full e-flex e-con e-child\" data-id=\"b5f8750\" data-element_type=\"container\" data-e-type=\"container\">\n\t\t\t\t<div class=\"elementor-element elementor-element-625aac3 elementor-widget elementor-widget-wd_popup\" data-id=\"625aac3\" data-element_type=\"widget\" data-e-type=\"widget\" data-widget_type=\"wd_popup.default\">\n\t\t\t\t<div class=\"elementor-widget-container\">\n\t\t\t\t\t\t\t\t\t<div class=\"wd-button-wrapper text-center\" >\n\t\t\t<a class=\"btn btn-style-default btn-shape-rectangle btn-size-large wd-open-popup btn-color-primary btn-icon-pos-right\"  href=\"#popup-617545518fe3c\">\n\t\t\t\t<span class=\"wd-btn-text\" data-elementor-setting-key=\"text\">\n\t\t\t\t\thacer una consulta\t\t\t\t<\/span>\n\n\t\t\t\t\t\t\t<\/a>\n\t\t<\/div>\n\t\t\t\t\t\t\t<div id=\"popup-617545518fe3c\" class=\"wd-popup wd-popup-element wd-entry-content mfp-hide\" style=\"--wd-popup-width:460px;padding:0px;\">\n\t\t\t\t\t\t\t<link rel=\"stylesheet\" id=\"elementor-post-22719-css\" href=\"https:\/\/fueltenerife.com\/wp-content\/uploads\/elementor\/css\/post-22719.css?ver=1776138090\" type=\"text\/css\" media=\"all\">\n\t\t\t\t\t<div data-elementor-type=\"wp-post\" data-elementor-id=\"22719\" class=\"elementor elementor-22719 elementor-7454\" data-elementor-post-type=\"cms_block\">\n\t\t\t\t<div class=\"wd-negative-gap elementor-element elementor-element-e5d8655 color-scheme-light e-flex e-con-boxed e-con e-parent\" data-id=\"e5d8655\" data-element_type=\"container\" data-e-type=\"container\" data-settings=\"{&quot;background_background&quot;:&quot;classic&quot;}\">\n\t\t\t\t\t<div class=\"e-con-inner\">\n\t\t\t\t<div class=\"elementor-element elementor-element-4d93462 wd-width-100 elementor-widget elementor-widget-wd_title\" data-id=\"4d93462\" data-element_type=\"widget\" data-e-type=\"widget\" data-widget_type=\"wd_title.default\">\n\t\t\t\t<div class=\"elementor-widget-container\">\n\t\t\t\t\t\t\t<div class=\"title-wrapper wd-set-mb reset-last-child wd-title-color-white wd-title-style-default wd-title-size-extra-large text-left\">\n\n\t\t\t\n\t\t\t<div class=\"liner-continer\">\n\t\t\t\t<h4 class=\"woodmart-title-container title wd-fontsize-xxxl\">\u00a1HAZ UNA CONSULTA!<\/h4> \n\t\t\t\t\t\t\t<\/div>\n\n\t\t\t\t\t<\/div>\n\t\t\t\t\t\t<\/div>\n\t\t\t\t<\/div>\n\t\t\t\t<div class=\"elementor-element elementor-element-665d116 elementor-widget elementor-widget-wd_text_block\" data-id=\"665d116\" data-element_type=\"widget\" data-e-type=\"widget\" data-widget_type=\"wd_text_block.default\">\n\t\t\t\t<div class=\"elementor-widget-container\">\n\t\t\t\t\t\t\t<div class=\"wd-text-block reset-last-child text-left\">\n\t\t\t\n\t\t\t<p><span style=\"font-weight: 400;\">Tendremos una oferta para ti lo antes posible<\/span><\/p>\n\t\t\t\t\t<\/div>\n\t\t\t\t\t\t<\/div>\n\t\t\t\t<\/div>\n\t\t\t\t<div class=\"elementor-element elementor-element-a48b62d elementor-widget elementor-widget-wd_contact_form_7\" data-id=\"a48b62d\" data-element_type=\"widget\" data-e-type=\"widget\" data-widget_type=\"wd_contact_form_7.default\">\n\t\t\t\t<div class=\"elementor-widget-container\">\n\t\t\t\t\t\n<div class=\"wpcf7 no-js\" id=\"wpcf7-f22799-o1\" lang=\"es-ES\" dir=\"ltr\" data-wpcf7-id=\"22799\">\n<div class=\"screen-reader-response\"><p role=\"status\" aria-live=\"polite\" aria-atomic=\"true\"><\/p> <ul><\/ul><\/div>\n<form action=\"\/es\/wp-json\/wp\/v2\/pages\/22744#wpcf7-f22799-o1\" method=\"post\" class=\"wpcf7-form init wd-style-with-bg\" aria-label=\"Formulario de contacto\" novalidate=\"novalidate\" data-status=\"init\">\n<fieldset class=\"hidden-fields-container\"><input type=\"hidden\" name=\"_wpcf7\" value=\"22799\" \/><input type=\"hidden\" name=\"_wpcf7_version\" value=\"6.1.5\" \/><input type=\"hidden\" name=\"_wpcf7_locale\" value=\"es_ES\" \/><input type=\"hidden\" name=\"_wpcf7_unit_tag\" value=\"wpcf7-f22799-o1\" \/><input type=\"hidden\" name=\"_wpcf7_container_post\" value=\"0\" \/><input type=\"hidden\" name=\"_wpcf7_posted_data_hash\" value=\"\" \/>\n<\/fieldset>\n<div class=\"row\">\n\t<p class=\"col-lg-12\"><span class=\"wpcf7-form-control-wrap\" data-name=\"First-name\"><input size=\"40\" maxlength=\"400\" class=\"wpcf7-form-control wpcf7-text wpcf7-validates-as-required\" aria-required=\"true\" aria-invalid=\"false\" placeholder=\"Nombre completo\" value=\"\" type=\"text\" name=\"First-name\" \/><\/span>\n\t<\/p>\n\t<p class=\"col-lg-12\"><span class=\"wpcf7-form-control-wrap\" data-name=\"Your-email\"><input size=\"40\" maxlength=\"400\" class=\"wpcf7-form-control wpcf7-email wpcf7-validates-as-required wpcf7-text wpcf7-validates-as-email\" aria-required=\"true\" aria-invalid=\"false\" placeholder=\"Tu correo electr\u00f3nico\" value=\"\" type=\"email\" name=\"Your-email\" \/><\/span>\n\t<\/p>\n\t<p class=\"col-lg-2\"><span class=\"wpcf7-form-control-wrap\" data-name=\"Prefix\"><input size=\"40\" maxlength=\"400\" class=\"wpcf7-form-control wpcf7-text wpcf7-validates-as-required\" aria-required=\"true\" aria-invalid=\"false\" placeholder=\"Prefijo\" value=\"\" type=\"text\" name=\"Prefix\" \/><\/span>\n\t<\/p>\n\t<p class=\"col-lg-10\"><span class=\"wpcf7-form-control-wrap\" data-name=\"Your-phone\"><input size=\"40\" maxlength=\"400\" class=\"wpcf7-form-control wpcf7-text wpcf7-validates-as-required\" aria-required=\"true\" aria-invalid=\"false\" placeholder=\"N\u00famero de tel\u00e9fono\" value=\"\" type=\"text\" name=\"Your-phone\" \/><\/span>\n\t<\/p>\n\t<p class=\"col-lg-12\"><span class=\"wpcf7-form-control-wrap\" data-name=\"Yacht-name\"><input size=\"40\" maxlength=\"400\" class=\"wpcf7-form-control wpcf7-text\" aria-invalid=\"false\" placeholder=\"Nombre del yate\" value=\"\" type=\"text\" name=\"Yacht-name\" \/><\/span>\n\t<\/p>\n\t<p class=\"col-lg-12\"><span class=\"wpcf7-form-control-wrap\" data-name=\"MMSI\"><input size=\"40\" maxlength=\"400\" class=\"wpcf7-form-control wpcf7-text\" aria-invalid=\"false\" placeholder=\"MMSI\" value=\"\" type=\"text\" name=\"MMSI\" \/><\/span>\n\t<\/p>\n\t<p class=\"col-lg-12\"><span class=\"wpcf7-form-control-wrap\" data-name=\"ETA-harbour\"><input size=\"40\" maxlength=\"400\" class=\"wpcf7-form-control wpcf7-text\" aria-invalid=\"false\" placeholder=\"E.T.A. y puerto\" value=\"\" type=\"text\" name=\"ETA-harbour\" \/><\/span>\n\t<\/p>\n\t<p class=\"col-lg-6\"><span class=\"wpcf7-form-control-wrap\" data-name=\"checkbox-182\"><span class=\"wpcf7-form-control wpcf7-checkbox\"><span class=\"wpcf7-list-item first last\"><label><input type=\"checkbox\" name=\"checkbox-182[]\" value=\"AGO (gas\u00f3leo\/gas\u00f3leo de automoci\u00f3n)\" \/><span class=\"wpcf7-list-item-label\">AGO (gas\u00f3leo\/gas\u00f3leo de automoci\u00f3n)<\/span><\/label><\/span><\/span><\/span>\n\t<\/p>\n\t<p class=\"col-lg-6\"><span class=\"wpcf7-form-control-wrap\" data-name=\"AGO-liters\"><input size=\"40\" maxlength=\"400\" class=\"wpcf7-form-control wpcf7-text\" aria-invalid=\"false\" placeholder=\"AGO Litros\" value=\"\" type=\"text\" name=\"AGO-liters\" \/><\/span>\n\t<\/p>\n\t<p class=\"col-lg-6\"><span class=\"wpcf7-form-control-wrap\" data-name=\"checkbox-182\"><span class=\"wpcf7-form-control wpcf7-checkbox\"><span class=\"wpcf7-list-item first last\"><label><input type=\"checkbox\" name=\"checkbox-182[]\" value=\"MGO (gas\u00f3leo marino)\" \/><span class=\"wpcf7-list-item-label\">MGO (gas\u00f3leo marino)<\/span><\/label><\/span><\/span><\/span>\n\t<\/p>\n\t<p class=\"col-lg-6\"><span class=\"wpcf7-form-control-wrap\" data-name=\"MGO-liters\"><input size=\"40\" maxlength=\"400\" class=\"wpcf7-form-control wpcf7-text\" aria-invalid=\"false\" placeholder=\"MGO Litros\" value=\"\" type=\"text\" name=\"MGO-liters\" \/><\/span>\n\t<\/p>\n\t<p class=\"col-lg-6\"><span class=\"wpcf7-form-control-wrap\" data-name=\"checkbox-182\"><span class=\"wpcf7-form-control wpcf7-checkbox\"><span class=\"wpcf7-list-item first last\"><label><input type=\"checkbox\" name=\"checkbox-182[]\" value=\"Jet A1 (Heli)\" \/><span class=\"wpcf7-list-item-label\">Jet A1 (Heli)<\/span><\/label><\/span><\/span><\/span>\n\t<\/p>\n\t<p class=\"col-lg-6\"><span class=\"wpcf7-form-control-wrap\" data-name=\"A1-Liters\"><input size=\"40\" maxlength=\"400\" class=\"wpcf7-form-control wpcf7-text\" aria-invalid=\"false\" placeholder=\"Jet A1 Litros\" value=\"\" type=\"text\" name=\"A1-Liters\" \/><\/span>\n\t<\/p>\n\t<p><span class=\"wpcf7-form-control-wrap\" data-name=\"text-647\"><input size=\"40\" maxlength=\"400\" class=\"wpcf7-form-control wpcf7-text Message\" aria-invalid=\"false\" placeholder=\"Tu mensaje\" value=\"\" type=\"text\" name=\"text-647\" \/><\/span>\n\t<\/p>\n\t<p class=\"col-lg-auto\"><input class=\"wpcf7-form-control wpcf7-submit has-spinner btn btn-color-white\" type=\"submit\" value=\"Enviar\" \/>\n\t<\/p>\n<\/div><div class=\"wpcf7-response-output\" aria-hidden=\"true\"><\/div>\n<\/form>\n<\/div>\n\t\t\t\t<\/div>\n\t\t\t\t<\/div>\n\t\t\t\t<div class=\"elementor-element elementor-element-0d10c37 elementor-widget elementor-widget-wd_text_block\" data-id=\"0d10c37\" data-element_type=\"widget\" data-e-type=\"widget\" data-widget_type=\"wd_text_block.default\">\n\t\t\t\t<div class=\"elementor-widget-container\">\n\t\t\t\t\t\t\t<div class=\"wd-text-block reset-last-child text-left\">\n\t\t\t\n\t\t\t<p>Doy mi consentimiento para el tratamiento de datos personales y estoy de acuerdo con el acuerdo de usuario y la pol\u00edtica de privacidad<\/p>\n\t\t\t\t\t<\/div>\n\t\t\t\t\t\t<\/div>\n\t\t\t\t<\/div>\n\t\t\t\t\t<\/div>\n\t\t\t\t<\/div>\n\t\t\t\t<\/div>\n\t\t\t\t\t<\/div>\n\t\t\t\t\t\t\t\t<\/div>\n\t\t\t\t<\/div>\n\t\t\t\t<\/div>\n\t\t\t\t<\/div>\n\t\t\t\t\t<\/div>\n\t\t\t\t<\/div>\n\t\t\t\t<\/div>\n\t\t","protected":false},"excerpt":{"rendered":"<p>SOBRE NOSOTROS YFT, TU EMPRESA LOCAL DE BUNKERING En Yacht Fuel TenerifeEstamos especializados en suministrar combustible de primera calidad a<\/p>\n","protected":false},"author":1,"featured_media":0,"parent":0,"menu_order":0,"comment_status":"closed","ping_status":"closed","template":"","meta":{"_joinchat":[],"footnotes":""},"class_list":["post-22744","page","type-page","status-publish","hentry"],"_links":{"self":[{"href":"https:\/\/fueltenerife.com\/es\/wp-json\/wp\/v2\/pages\/22744","targetHints":{"allow":["GET"]}}],"collection":[{"href":"https:\/\/fueltenerife.com\/es\/wp-json\/wp\/v2\/pages"}],"about":[{"href":"https:\/\/fueltenerife.com\/es\/wp-json\/wp\/v2\/types\/page"}],"author":[{"embeddable":true,"href":"https:\/\/fueltenerife.com\/es\/wp-json\/wp\/v2\/users\/1"}],"replies":[{"embeddable":true,"href":"https:\/\/fueltenerife.com\/es\/wp-json\/wp\/v2\/comments?post=22744"}],"version-history":[{"count":4,"href":"https:\/\/fueltenerife.com\/es\/wp-json\/wp\/v2\/pages\/22744\/revisions"}],"predecessor-version":[{"id":22771,"href":"https:\/\/fueltenerife.com\/es\/wp-json\/wp\/v2\/pages\/22744\/revisions\/22771"}],"wp:attachment":[{"href":"https:\/\/fueltenerife.com\/es\/wp-json\/wp\/v2\/media?parent=22744"}],"curies":[{"name":"wp","href":"https:\/\/api.w.org\/{rel}","templated":true}]}}