{"id":22688,"date":"2025-01-17T10:29:34","date_gmt":"2025-01-17T10:29:34","guid":{"rendered":"https:\/\/fueltenerife.com\/politica-de-cookies\/"},"modified":"2025-03-27T10:41:06","modified_gmt":"2025-03-27T10:41:06","slug":"politica-de-cookies","status":"publish","type":"page","link":"https:\/\/fueltenerife.com\/es\/politica-de-cookies\/","title":{"rendered":"Pol\u00edtica de cookies"},"content":{"rendered":"\t\t<div data-elementor-type=\"wp-page\" data-elementor-id=\"22688\" class=\"elementor elementor-22688 elementor-21283\" data-elementor-post-type=\"page\">\n\t\t\t\t<div class=\"wd-negative-gap elementor-element elementor-element-774c5c81 e-flex e-con-boxed e-con e-parent\" data-id=\"774c5c81\" data-element_type=\"container\" data-e-type=\"container\">\n\t\t\t\t\t<div class=\"e-con-inner\">\n\t\t\t\t<div class=\"elementor-element elementor-element-57093f51 color-scheme-inherit text-left elementor-widget elementor-widget-text-editor\" data-id=\"57093f51\" data-element_type=\"widget\" data-e-type=\"widget\" data-widget_type=\"text-editor.default\">\n\t\t\t\t<div class=\"elementor-widget-container\">\n\t\t\t\t\t\t\t\t\t\n<p><b>POL\u00cdTICA DE COOKIES<\/b><b><br><\/b><a href=\"https:\/\/fueltenerife.com\"><span style=\"font-weight: 400;\">www.fueltenerife.com<\/span><\/a><\/p>\n<p><b>Acceso a este sitio web<\/b><b><br><\/b><span style=\"font-weight: 400;\">El acceso a este Sitio Web puede implicar la utilizaci\u00f3n de cookies. Las cookies son peque\u00f1as cantidades de informaci\u00f3n que se almacenan en el navegador utilizado por cada Usuario -en los distintos dispositivos que utilice para navegar- para que el servidor recuerde cierta informaci\u00f3n, que posteriormente \u00fanicamente el servidor que la implement\u00f3 leer\u00e1. Las cookies facilitan la navegaci\u00f3n, la hacen m\u00e1s amigable y no da\u00f1an el dispositivo de navegaci\u00f3n.  <\/span><\/p>\n<p><span style=\"font-weight: 400;\">Las cookies son procedimientos autom\u00e1ticos de recogida de informaci\u00f3n relativa a preferencias espec\u00edficas determinadas por el Usuario durante su visita al Sitio Web. Se utilizan para reconocer al Usuario, personalizar su experiencia y uso del Sitio Web, y tambi\u00e9n pueden ayudar a identificar y resolver errores. <\/span><\/p>\n<p><span style=\"font-weight: 400;\">La informaci\u00f3n recogida a trav\u00e9s de las cookies puede incluir la fecha y hora de las visitas al Sitio Web, las p\u00e1ginas visitadas, el tiempo pasado en el Sitio Web y los sitios visitados inmediatamente antes y despu\u00e9s. Sin embargo, ninguna cookie permite que esta informaci\u00f3n se ponga en contacto con el n\u00famero de tel\u00e9fono del Usuario o con cualquier otro medio de contacto personal. Ninguna cookie puede extraer informaci\u00f3n del disco duro del Usuario ni robar informaci\u00f3n personal. La \u00fanica manera de que la informaci\u00f3n privada del Usuario pueda formar parte de un archivo cookie es si el Usuario proporciona personalmente esa informaci\u00f3n al servidor.   <\/span><\/p>\n<p><span style=\"font-weight: 400;\">Las cookies que pueden identificar a una persona se consideran datos personales. Por tanto, les es de aplicaci\u00f3n la Pol\u00edtica de Privacidad anteriormente descrita. En este sentido, su utilizaci\u00f3n requiere el consentimiento del Usuario. Este consentimiento se comunicar\u00e1 sobre la base de una elecci\u00f3n aut\u00e9ntica, ofrecida a trav\u00e9s de una decisi\u00f3n afirmativa y positiva, antes del procesamiento inicial, extra\u00edble y documentada.   <\/span><\/p>\n<p><b>Cookies de origen<\/b><b><br><\/b><span style=\"font-weight: 400;\">Son cookies enviadas al ordenador o dispositivo del Usuario y gestionadas exclusivamente por Fuel Tenerife para el \u00f3ptimo funcionamiento del Sitio Web. La informaci\u00f3n recogida se utiliza para mejorar la calidad del Sitio Web, su Contenido y la experiencia del Usuario. Estas cookies permiten reconocer al Usuario como visitante recurrente del Sitio Web y adaptar el contenido para ofrecerle materiales espec\u00edficos seg\u00fan sus preferencias.  <\/span><\/p>\n<p><b>Cookies de terceros<\/b><b><br><\/b><span style=\"font-weight: 400;\">Son cookies utilizadas y gestionadas por entidades externas que prestan servicios solicitados por Fuel Tenerife para mejorar el Sitio Web y la experiencia del Usuario al navegar por el mismo. La finalidad principal de las cookies de terceros es obtener estad\u00edsticas de acceso y analizar la informaci\u00f3n de navegaci\u00f3n, es decir, c\u00f3mo interact\u00faa el Usuario con el Sitio Web. <\/span><\/p>\n<p><span style=\"font-weight: 400;\">La informaci\u00f3n obtenida incluye, por ejemplo, el n\u00famero de p\u00e1ginas visitadas, el idioma, la ubicaci\u00f3n asociada a la direcci\u00f3n IP del Usuario, el n\u00famero de Usuarios que acceden, la frecuencia y recurrencia de las visitas, la duraci\u00f3n de las visitas, el navegador utilizado, el operador o tipo de dispositivo utilizado para la visita. Esta informaci\u00f3n se utiliza para mejorar el Sitio Web y detectar nuevas necesidades para ofrecer a los Usuarios Contenidos y\/o servicios de alta calidad. En cualquier caso, la informaci\u00f3n se recoge de forma an\u00f3nima, y se elaboran informes de tendencias del Sitio Web sin identificar a usuarios individuales.  <\/span><\/p>\n<p><span style=\"font-weight: 400;\">Puedes encontrar m\u00e1s informaci\u00f3n sobre cookies, detalles de privacidad, o consultar la descripci\u00f3n de los tipos de cookies utilizados, sus caracter\u00edsticas principales, periodo de expiraci\u00f3n, etc., en el\/los siguiente\/s enlace\/s:<\/span><\/p>\n<p><span style=\"font-weight: 400;\">La(s) entidad(es) responsable(s) de suministrar las cookies puede(n) transferir esta informaci\u00f3n a terceros si as\u00ed lo exige la ley o si un tercero procesa esta informaci\u00f3n en nombre de dichas entidades.<\/span><\/p>\n<p><b>Cookies de redes sociales<\/b><b><br><\/b><span style=\"font-weight: 400;\">Fuel Tenerife incorpora plugins de redes sociales que permiten el acceso a las mismas desde el Sitio Web. Por este motivo, las cookies de las redes sociales pueden almacenarse en el navegador del Usuario. Los propietarios de estas redes sociales tienen sus propias pol\u00edticas de protecci\u00f3n de datos y de cookies, y son los \u00fanicos responsables de sus propios archivos y pr\u00e1cticas de privacidad. El Usuario debe consultar estas pol\u00edticas para obtener informaci\u00f3n sobre estas cookies y, en su caso, sobre el tratamiento de sus datos personales. A efectos meramente informativos, a continuaci\u00f3n se facilitan los enlaces a estas pol\u00edticas de privacidad y\/o de cookies:    <\/span><\/p>\n<ul>\n<li style=\"font-weight: 400;\" aria-level=\"1\"><span style=\"font-weight: 400;\">Facebook:<\/span><a href=\"https:\/\/www.facebook.com\/policies\/cookies\/\"> <span style=\"font-weight: 400;\">https:\/\/www.facebook.com\/policies\/cookies\/<\/span><\/a><\/li>\n<li style=\"font-weight: 400;\" aria-level=\"1\"><span style=\"font-weight: 400;\">Twitter<\/span><a href=\"https:\/\/twitter.com\/es\/privacy\"> <span style=\"font-weight: 400;\">https:\/\/twitter.com\/es\/privacy<\/span><\/a><\/li>\n<li style=\"font-weight: 400;\" aria-level=\"1\"><span style=\"font-weight: 400;\">Instagram<\/span><a href=\"https:\/\/help.instagram.com\/1896641480634370?ref=ig\"> <span style=\"font-weight: 400;\">https:\/\/help.instagram.com\/1896641480634370?ref=ig<\/span><\/a><\/li>\n<li style=\"font-weight: 400;\" aria-level=\"1\"><span style=\"font-weight: 400;\">YouTube:<\/span><a href=\"https:\/\/policies.google.com\/privacy?hl=es-419&amp;gl=mx\"> <span style=\"font-weight: 400;\">https:\/\/policies.google.com\/privacy?hl=es-419&amp;gl=mx<\/span><\/a><\/li>\n<li style=\"font-weight: 400;\" aria-level=\"1\"><span style=\"font-weight: 400;\">Pinterest:<\/span><a href=\"https:\/\/policy.pinterest.com\/es\/privacy-policy\"> <span style=\"font-weight: 400;\">https:\/\/policy.pinterest.com\/es\/privacy-policy<\/span><\/a><\/li>\n<li style=\"font-weight: 400;\" aria-level=\"1\"><span style=\"font-weight: 400;\">LinkedIn:<\/span><a href=\"https:\/\/www.linkedin.com\/legal\/cookie-policy?trk=hp-cookies\"> <span style=\"font-weight: 400;\">https:\/\/www.linkedin.com\/legal\/cookie-policy?trk=hp-cookies<\/span><\/a><\/li>\n<\/ul>\n<p><b>Desactivar, rechazar y eliminar cookies<\/b><b><br><\/b><span style=\"font-weight: 400;\">Los usuarios pueden desactivar, rechazar y eliminar las cookies -total o parcialmente- instaladas en su dispositivo configurando los ajustes de su navegador (incluyendo, por ejemplo, Chrome, Firefox, Safari, Explorer). A este respecto, los procedimientos para rechazar y eliminar cookies pueden variar entre los distintos navegadores de Internet. En consecuencia, los Usuarios deben consultar las instrucciones proporcionadas por el navegador que est\u00e9n utilizando.  <\/span><\/p>\n<p><span style=\"font-weight: 400;\">Si se rechaza el uso de cookies -total o parcialmente- los Usuarios pueden seguir utilizando el Sitio Web; sin embargo, algunas de sus funciones pueden verse limitadas.<\/span><\/p>\n<p><span style=\"font-weight: 400;\">Este documento de Pol\u00edtica de Cookies se cre\u00f3 utilizando el generador gratuito de plantillas online de pol\u00edtica de cookies de sitios web el 9 de enero de 2025.<\/span><\/p>\n<p><br><br><\/p>\t\t\t\t\t\t\t\t<\/div>\n\t\t\t\t<\/div>\n\t\t\t\t\t<\/div>\n\t\t\t\t<\/div>\n\t\t\t\t<\/div>\n\t\t","protected":false},"excerpt":{"rendered":"<p>POL\u00cdTICA DE COOKIESwww.fueltenerife.com Acceso a este sitio webEl acceso a este Sitio Web puede implicar la utilizaci\u00f3n de cookies. Las<\/p>\n","protected":false},"author":1,"featured_media":0,"parent":0,"menu_order":0,"comment_status":"closed","ping_status":"closed","template":"elementor_header_footer","meta":{"_joinchat":[],"footnotes":""},"class_list":["post-22688","page","type-page","status-publish","hentry"],"_links":{"self":[{"href":"https:\/\/fueltenerife.com\/es\/wp-json\/wp\/v2\/pages\/22688","targetHints":{"allow":["GET"]}}],"collection":[{"href":"https:\/\/fueltenerife.com\/es\/wp-json\/wp\/v2\/pages"}],"about":[{"href":"https:\/\/fueltenerife.com\/es\/wp-json\/wp\/v2\/types\/page"}],"author":[{"embeddable":true,"href":"https:\/\/fueltenerife.com\/es\/wp-json\/wp\/v2\/users\/1"}],"replies":[{"embeddable":true,"href":"https:\/\/fueltenerife.com\/es\/wp-json\/wp\/v2\/comments?post=22688"}],"version-history":[{"count":1,"href":"https:\/\/fueltenerife.com\/es\/wp-json\/wp\/v2\/pages\/22688\/revisions"}],"predecessor-version":[{"id":22690,"href":"https:\/\/fueltenerife.com\/es\/wp-json\/wp\/v2\/pages\/22688\/revisions\/22690"}],"wp:attachment":[{"href":"https:\/\/fueltenerife.com\/es\/wp-json\/wp\/v2\/media?parent=22688"}],"curies":[{"name":"wp","href":"https:\/\/api.w.org\/{rel}","templated":true}]}}